{"id":634,"date":"2014-09-25T07:36:47","date_gmt":"2014-09-25T07:36:47","guid":{"rendered":"http:\/\/www.kjk.ee\/?page_id=634"},"modified":"2025-08-07T06:47:47","modified_gmt":"2025-08-07T03:47:47","slug":"veteranliige","status":"publish","type":"page","link":"https:\/\/kjk.ee\/en\/veteranliige\/","title":{"rendered":"Veteranliige"},"content":{"rendered":"<ol>\n<li>Ainum\u00e4e, Edda<\/li>\n<li>Ainum\u00e4e, Hinno<\/li>\n<li>Calonius, Martti Mathias<\/li>\n<li>Egipte, Viktor<\/li>\n<li>Ehin, Helja<\/li>\n<li>Ernits, Liina<\/li>\n<li>Grigorjev, J\u00fcri<\/li>\n<li>H\u00e4rma, Tiit<\/li>\n<li>Ilum\u00e4e, M\u00e4rt<\/li>\n<li>Jessipovits, Vjatseslav<\/li>\n<li>J\u00e4rv, Hilja<\/li>\n<li>Kallas, Valdek<\/li>\n<li>Kalvik, Anne<\/li>\n<li>Kannelm\u00e4e, Sander<\/li>\n<li>Kapper, Rein<\/li>\n<li>Kapper, T\u00f5nu<\/li>\n<li>Karafin, Leo<\/li>\n<li>Kazakov, Jevgeni<\/li>\n<li>Keert, Eiki<\/li>\n<li>Kiss, Juta<\/li>\n<li>Kochberg, Sven<\/li>\n<li>Korjat\u0161kin, Nikolai<\/li>\n<li>Krabi, Margus<\/li>\n<li>K\u00f5rm, Kaarel<\/li>\n<li>K\u00f5rm, Kaido<\/li>\n<li>K\u00f6\u00f6p, Aare<\/li>\n<li>Lahti, Timo Kalevi<\/li>\n<li>Laul, Andres<\/li>\n<li>Lember, Juta<\/li>\n<li>Lill, Agnes<\/li>\n<li>Maantoa, Tiia<\/li>\n<li>Maslennikov, Helgi<\/li>\n<li>Matvejev, Sergei<\/li>\n<li>Metsvahi, Tiit<\/li>\n<li>M\u00fc\u00fcrsepp, Maara<\/li>\n<li>Nurmilaukas, Timo<\/li>\n<li>N\u00f5gisto, Jaanus<\/li>\n<li>Ojamies, Pertti<\/li>\n<li>Ottoson, Enn<\/li>\n<li>Parkkinen, Antti<\/li>\n<li>Peek, Kuno<\/li>\n<li>Peek, Toomas<\/li>\n<li>Pikand, Paavo<\/li>\n<li>Poljakov, Nikolai<\/li>\n<li>Pomerants, Ain<\/li>\n<li>Pulk, Lembit<\/li>\n<li>P\u00e4rn, Meelis<\/li>\n<li>Randmaa, T\u00f5nu<\/li>\n<li>Raud, Rein<\/li>\n<li>Reimand, Urmas<\/li>\n<li>Reinart, Toomas<\/li>\n<li>Roosma, Toivo<\/li>\n<li>Ruus, Igor<\/li>\n<li>Saar, Andres<\/li>\n<li>Saar, Heli<\/li>\n<li>Saar, Sulev<\/li>\n<li>Sahtel, Toivo<\/li>\n<li>Savolainen, Eero<\/li>\n<li>Segercrantz, Wladimir<\/li>\n<li>Sepper,\u00a0Inna<\/li>\n<li>Sepper, Toomas<\/li>\n<li>Siniv\u00e4li, Peeter<\/li>\n<li>Stepanov, Vladimir<\/li>\n<li>Suurk\u00fcla, Andres<\/li>\n<li>Zuping, Eve<\/li>\n<li>Tammet, Eve Reet<\/li>\n<li>Tang, Maano<\/li>\n<li>Tarbe, T\u00f5nis<\/li>\n<li>Tarvis, Arvo<\/li>\n<li>Tarvis, Juta<\/li>\n<li>Tiham\u00e4e, Avo<\/li>\n<li>Toomara, T\u00f5nu<\/li>\n<li>T\u00f5rs, Anto<\/li>\n<li>Veerme, Urve<\/li>\n<li>Vennikas, T\u00f5nu<\/li>\n<li>Vihul, Mati<\/li>\n<li>Vinkel, Tiit<\/li>\n<li>Volkov, Peeter<\/li>\n<li>Vooglaid, \u00dclo<\/li>\n<li>V\u00e4llo, \u00dclo<\/li>\n<li>Wickholm, Per<\/li>\n<li>\u00dclesoo, Toom<\/li>\n<\/ol>\n<p>Uuendatud 07.08.2025<\/p>\n","protected":false},"excerpt":{"rendered":"<p>Ainum\u00e4e, Edda Ainum\u00e4e, Hinno Calonius, Martti Mathias Egipte, Viktor Ehin, Helja Ernits, Liina Grigorjev, J\u00fcri H\u00e4rma, Tiit Ilum\u00e4e, M\u00e4rt Jessipovits, Vjatseslav J\u00e4rv, Hilja Kallas, Valdek Kalvik, Anne Kannelm\u00e4e, Sander Kapper, Rein Kapper, T\u00f5nu Karafin, Leo Kazakov, Jevgeni Keert, Eiki Kiss, Juta Kochberg, Sven Korjat\u0161kin, Nikolai Krabi, Margus K\u00f5rm, Kaarel K\u00f5rm, Kaido K\u00f6\u00f6p, Aare Lahti, Timo Kalevi Laul, Andres Lember, Juta<a class=\"more-link\" href=\"https:\/\/kjk.ee\/en\/veteranliige\/\">[Read More&#8230;]<\/a><\/p>\n","protected":false},"author":24,"featured_media":0,"parent":0,"menu_order":0,"comment_status":"open","ping_status":"open","template":"","meta":{"spay_email":""},"jetpack_sharing_enabled":true,"jetpack_shortlink":"https:\/\/wp.me\/PaW3M4-ae","_links":{"self":[{"href":"https:\/\/kjk.ee\/en\/wp-json\/wp\/v2\/pages\/634"}],"collection":[{"href":"https:\/\/kjk.ee\/en\/wp-json\/wp\/v2\/pages"}],"about":[{"href":"https:\/\/kjk.ee\/en\/wp-json\/wp\/v2\/types\/page"}],"author":[{"embeddable":true,"href":"https:\/\/kjk.ee\/en\/wp-json\/wp\/v2\/users\/24"}],"replies":[{"embeddable":true,"href":"https:\/\/kjk.ee\/en\/wp-json\/wp\/v2\/comments?post=634"}],"version-history":[{"count":75,"href":"https:\/\/kjk.ee\/en\/wp-json\/wp\/v2\/pages\/634\/revisions"}],"predecessor-version":[{"id":30450,"href":"https:\/\/kjk.ee\/en\/wp-json\/wp\/v2\/pages\/634\/revisions\/30450"}],"wp:attachment":[{"href":"https:\/\/kjk.ee\/en\/wp-json\/wp\/v2\/media?parent=634"}],"curies":[{"name":"wp","href":"https:\/\/api.w.org\/{rel}","templated":true}]}}