{"id":76,"date":"2014-04-20T11:18:29","date_gmt":"2014-04-20T11:18:29","guid":{"rendered":"http:\/\/www.kjk.ee\/?page_id=76"},"modified":"2026-04-07T15:37:21","modified_gmt":"2026-04-07T12:37:21","slug":"dokumendid","status":"publish","type":"page","link":"https:\/\/kjk.ee\/en\/dokumendid\/","title":{"rendered":"Dokumendid"},"content":{"rendered":"<p><strong><a href=\"https:\/\/kjk.ee\/wp-content\/uploads\/2022\/06\/Noorliikme-avaldus.pdf\">KJK Noorliikme avaldus (pdf)<\/a><\/strong><\/p>\n<p><strong><a href=\"https:\/\/kjk.ee\/wp-content\/uploads\/2023\/02\/Noorliikme-avaldus.doc\">Noorliikme avaldus Wordi formaadis<\/a><\/strong><\/p>\n<p><strong>Treeninglaagrite ja kursuste tasud<\/strong> \u00a0palume tasuda <strong>arve alusel<\/strong> Kalevi Jahtklubi MT\u00dc kontole EE627700771009086590 (LHV PANK, BIC\/SWIFT: LHVBEE22) viidates arve numbrile.<\/p>\n<p><strong>1. Spordiklubi m\u00e4\u00e4ramine<\/strong><\/p>\n<p>Otsetee lapse spordiklubi m\u00e4\u00e4ramiseks: <a href=\"http:\/\/www.tallinn.ee\/Teenus-Sporditegevuse-toetust-saava-spordiklubi-maaramine\">http:\/\/www.tallinn.ee\/Teenus-Sporditegevuse-toetust-saava-spordiklubi-maaramine<\/a><\/p>\n<p><strong>2. \u00d5pilaste tervisekontroll<\/strong><\/p>\n<p>Igal purjespordikooli \u00f5pilasel on soovitav l\u00e4bida v\u00e4hemalt kord aastas tervisekontroll.<br \/>\nO\u00dc Innomedica Spordimeditsiinikeskusesse on oodatud k\u00f5ik noorsportlased perioodilisele tervisekontrollile Eesti Haigekassa ennetusprojekti raames: \u201c<strong>Noorsportlaste tervisekontroll spordiga seotud terviseriskide ennetamiseks<\/strong>.\u201c<\/p>\n<ul>\n<li>Sihtgrupp:\u00a0<b>9-19<\/b> aastased noored, kelle treeningtundide kestus n\u00e4dalas on <b>6 v\u00f5i enam tundi<\/b>\u00a0(1 treeningtund = 60 minutit).\u00a0<i>Treeningtundide hulka ei arvestata kooli kehalise kasvatuse tunde.<\/i><\/li>\n<li>Baas- ja t\u00e4iendavad uuringud\u00a0(meditsiinilistel\u00a0n\u00e4idustustel)\u00a0on kindlustatud noorsportlastele\u00a0<strong>tasuta<\/strong><span class=\"ecxsisu\"><b>.<\/b>\u00a0Tasuda tuleb ainult visiiditasu\u00a0<b>5.-<\/b><\/span><\/li>\n<\/ul>\n<p class=\"ecxMsoNormal\">Registreerimine telefonil:\u00a0<span class=\"ecxskypec2cprintcontainer\">(+372) 6419510.\u00a0<\/span>Aadress: S\u00f5jakooli tn. 10, Tere tennisekeskus, Tallinn.<br \/>\nT\u00e4iendav informatsioon:\u00a0<a href=\"http:\/\/innomedica.ee\/teenused-2\/noorsportlaste-tervisekontroll\/\" target=\"_blank\" rel=\"noopener noreferrer\">http:\/\/innomedica.ee\/teenused-2\/noorsportlaste-tervisekontroll\/<\/a><\/p>\n","protected":false},"excerpt":{"rendered":"<p>KJK Noorliikme avaldus (pdf) Noorliikme avaldus Wordi formaadis Treeninglaagrite ja kursuste tasud \u00a0palume tasuda arve alusel Kalevi Jahtklubi MT\u00dc kontole EE627700771009086590 (LHV PANK, BIC\/SWIFT: LHVBEE22) viidates arve numbrile. 1. Spordiklubi m\u00e4\u00e4ramine Otsetee lapse spordiklubi m\u00e4\u00e4ramiseks: http:\/\/www.tallinn.ee\/Teenus-Sporditegevuse-toetust-saava-spordiklubi-maaramine 2. \u00d5pilaste tervisekontroll Igal purjespordikooli \u00f5pilasel on soovitav l\u00e4bida v\u00e4hemalt kord aastas tervisekontroll. O\u00dc Innomedica Spordimeditsiinikeskusesse on oodatud k\u00f5ik noorsportlased perioodilisele tervisekontrollile Eesti Haigekassa<a class=\"more-link\" href=\"https:\/\/kjk.ee\/en\/dokumendid\/\">[Read More&#8230;]<\/a><\/p>\n","protected":false},"author":24,"featured_media":0,"parent":0,"menu_order":0,"comment_status":"open","ping_status":"open","template":"","meta":{"spay_email":""},"jetpack_sharing_enabled":true,"jetpack_shortlink":"https:\/\/wp.me\/PaW3M4-1e","_links":{"self":[{"href":"https:\/\/kjk.ee\/en\/wp-json\/wp\/v2\/pages\/76"}],"collection":[{"href":"https:\/\/kjk.ee\/en\/wp-json\/wp\/v2\/pages"}],"about":[{"href":"https:\/\/kjk.ee\/en\/wp-json\/wp\/v2\/types\/page"}],"author":[{"embeddable":true,"href":"https:\/\/kjk.ee\/en\/wp-json\/wp\/v2\/users\/24"}],"replies":[{"embeddable":true,"href":"https:\/\/kjk.ee\/en\/wp-json\/wp\/v2\/comments?post=76"}],"version-history":[{"count":41,"href":"https:\/\/kjk.ee\/en\/wp-json\/wp\/v2\/pages\/76\/revisions"}],"predecessor-version":[{"id":32315,"href":"https:\/\/kjk.ee\/en\/wp-json\/wp\/v2\/pages\/76\/revisions\/32315"}],"wp:attachment":[{"href":"https:\/\/kjk.ee\/en\/wp-json\/wp\/v2\/media?parent=76"}],"curies":[{"name":"wp","href":"https:\/\/api.w.org\/{rel}","templated":true}]}}