{"id":8525,"date":"2018-04-02T15:49:07","date_gmt":"2018-04-02T15:49:07","guid":{"rendered":"http:\/\/www.kjk.ee\/?page_id=8525"},"modified":"2018-10-18T10:06:46","modified_gmt":"2018-10-18T10:06:46","slug":"seiko-cup-2018","status":"publish","type":"page","link":"https:\/\/kjk.ee\/en\/seiko-cup-2018\/","title":{"rendered":"Seiko Cup 2018"},"content":{"rendered":"<p><img loading=\"lazy\" class=\"aligncenter wp-image-8526\" src=\"http:\/\/www.kjk.ee\/wp-content\/uploads\/2018\/04\/SEIKO-CUP-KJK-karikav\u00f5istlused-2018.png\" alt=\"SEIKO-CUP-KJK-karikav\u00f5istlused-2018\" width=\"483\" height=\"125\" srcset=\"https:\/\/kjk.ee\/wp-content\/uploads\/2018\/04\/SEIKO-CUP-KJK-karikav\u00f5istlused-2018.png 722w, https:\/\/kjk.ee\/wp-content\/uploads\/2018\/04\/SEIKO-CUP-KJK-karikav\u00f5istlused-2018-300x78.png 300w, https:\/\/kjk.ee\/wp-content\/uploads\/2018\/04\/SEIKO-CUP-KJK-karikav\u00f5istlused-2018-212x55.png 212w, https:\/\/kjk.ee\/wp-content\/uploads\/2018\/04\/SEIKO-CUP-KJK-karikav\u00f5istlused-2018-185x48.png 185w, https:\/\/kjk.ee\/wp-content\/uploads\/2018\/04\/SEIKO-CUP-KJK-karikav\u00f5istlused-2018-267x69.png 267w\" sizes=\"(max-width: 483px) 100vw, 483px\" \/><\/p>\n<p><strong>KJK Avamerepurjetamise karikav\u00f5istluse SEIKO CUP 2018 etapid:<\/strong><br \/>\nI \u2013 1.05 \u2013 Avav\u00f5istlus<br \/>\nII \u2013 12.-13.05 \u2013 E4 Karikav\u00f5istlus \/ E4 Championship &#8211; FINEST Offshore Series 2018, 1st event<br \/>\nIII \u2013 2.06 \u2013 Terra Feminarum<br \/>\nIV \u2013 1.-2.09 \u2013 Tallinna Meistriv\u00f5istlused<br \/>\nV \u2013 13.10 \u2013 Hooaja L\u00f5puv\u00f5istlus<\/p>\n<p><strong>KJK Avamerepurjetamise karikav\u00f5istluse SEIKO CUP v\u00f5istlusklassid \/ The classes<\/strong><br \/>\nI grupp ORC GPH \u2264680<br \/>\nII grupp ESTLYS 1,081\u2264<br \/>\nIII grupp ESTLYS \u22641,080<br \/>\nIV grupp FOLKBOOT<\/p>\n<p><a href=\"http:\/\/www.kjk.ee\/wp-content\/uploads\/2018\/04\/2018-KJK-Avamere-Karikasari-SEIKO-CUP-juhend.pdf\">Kalevi Jahtklubi (KJK) Avamerepurjetamise Karikav\u00f5istluse SEIKO CUP 2018 korraldamise juhend<\/a><\/p>\n<p><a href=\"http:\/\/www.kjk.ee\/wp-content\/uploads\/2018\/10\/SEIKO-CUP-2018_KOOND_5-regatti.pdf\"><strong>SEIKO CUP 2018 &#8211; KOONDTULEMUSED p\u00e4rast 5 etappi<\/strong><\/a><\/p>\n<hr \/>\n<h3><strong><span style=\"text-decoration: underline;\">I \u2013 1.05 \u2013 Avav\u00f5istlus\u00a0<\/span><\/strong><\/h3>\n<p><a href=\"http:\/\/www.kjk.ee\/wp-content\/uploads\/2018\/04\/SEIKO-CUP-2018_Avav\u00f5istlus_NOR.pdf\">V\u00f5istlusteade<\/a><br \/>\n<a href=\"http:\/\/www.kjk.ee\/wp-content\/uploads\/2018\/04\/KJK_SEIKO-CUP-2018-Avav\u00f5istlus-ORC_ORC_Overall.htm\">ORC tulemused<\/a><br \/>\n<a href=\"http:\/\/www.kjk.ee\/wp-content\/uploads\/2018\/04\/KJK_SEIKO-CUP-2018-Avav\u00f5istlus_LYSFolkboot_Overall.htm\">LYS ja Folkboot tulemused<\/a><br \/>\n<a href=\"https:\/\/www.facebook.com\/media\/set\/?set=a.2153150621368301.1073742011.113543688662348&#038;type=1&#038;l=2241e197ef\">Fotod<\/a> &#8211; Aleksandr Abrosimov<br \/>\n<a href=\"https:\/\/purjetamine.postimees.ee\/4482834\/seiko-cupi-avavoistlus-avas-kalevi-jahtklubi-71-purjetamishooaja\">Kokkuv\u00f5te<\/a> &#8211;\u00a0SEIKO CUPi Avav\u00f5istlus avas Kalevi Jahtklubi 71. purjetamishooaja &#8211;\u00a0<em>Piret Salmistu<br \/>\n<\/em><a href=\"https:\/\/purjetamine.postimees.ee\/4482834\/seiko-cupi-avavoistlus-avas-kalevi-jahtklubi-71-purjetamishooaja\">Artikkel ja galerii Postimehes<\/a><\/p>\n<hr \/>\n<h3><strong><span style=\"text-decoration: underline;\">II \u2013 12.-13.05 \u2013 E4 Karikav\u00f5istlus \/ E4 Championship \u2013 FINEST Offshore Series 2018 1st event\u00a0<\/span><\/strong><\/h3>\n<p><a href=\"https:\/\/docs.google.com\/forms\/d\/e\/1FAIpQLSeDeA3eyoGiZFqDErMc8jV5nxot5LjLMBKpFhIdGkdNWqcEYg\/viewform\">Registreerimisvorm \/ Entry Form<\/a>\u00a0<span style=\"color: #ff0000;\"><br \/>\n<\/span><a href=\"https:\/\/docs.google.com\/spreadsheets\/d\/e\/2PACX-1vRCn6GIlYYe_U3alxGviz4oVj_OQSbEP5XrKcNwl8WuuGwxt9kmAdygzBq-anriCb5maDtW7hCQE5kb\/pubhtml\">Registreerunud jahid \/ Entry List<\/a><br \/>\n<a href=\"http:\/\/www.kjk.ee\/wp-content\/uploads\/2018\/04\/2018_E4_KV_NOR.pdf\">V\u00f5istlusteade \/ Notice of Race<\/a><br \/>\n<span style=\"color: #ff0000;\"><span style=\"color: #333333;\"><a href=\"http:\/\/www.kjk.ee\/wp-content\/uploads\/2018\/04\/E4-KV-2018-Amendment-1_1105.pdf\">NOTICE #1: Amendment to Notice of Race<\/a> &#8211; posted on May 11, 12:30<br \/>\n<\/span><\/span><a href=\"http:\/\/www.kjk.ee\/wp-content\/uploads\/2018\/04\/2018_E4_KV_SI.pdf\"><span style=\"color: #333333;\">Purjetamisjuhised \/ Sailing Instructions<\/span><\/a><span style=\"color: #ff0000;\"><br \/>\n<\/span><a href=\"http:\/\/www.kjk.ee\/wp-content\/uploads\/2018\/04\/PAkkumus-ESS-Kalev-Jahtklubi-MT\u00dc-Regattid-2018.pdf\">Kindlustuspakkumine \/ Insurance Offer<\/a><\/p>\n<p><span style=\"text-decoration: underline;\">TULEMUSED \/ RESULTS:<br \/>\n<\/span><a href=\"http:\/\/www.kjk.ee\/wp-content\/uploads\/2018\/04\/KJK_HIGH-ORC-E4-SEIKO-CUP-2018_ORC_Overall.htm\">ORC &#8211; DAY 1 &#8211; 3 races &#8211; Triple Number\u00a0 HIGH<\/a>\u00a0&#8211; After protest hearings<br \/>\n<a href=\"http:\/\/www.kjk.ee\/wp-content\/uploads\/2018\/04\/KJK_MEDIUM-ORC-E4-SEIKO-CUP-2018_ORC_Overall-1.htm\">ORC &#8211; DAY 2 &#8211; 3 races &#8211; Triple Number MEDIUM<\/a><br \/>\n<strong><a href=\"http:\/\/www.kjk.ee\/wp-content\/uploads\/2018\/04\/SEIKO-CUP-2018_E4-Karikav\u00f5istlus_ORC-tulemused.pdf\">ORC &#8211; OVERALL RESULTS after 6 races<\/a><br \/>\n<\/strong><strong><a href=\"http:\/\/www.kjk.ee\/wp-content\/uploads\/2018\/04\/KJK_LYS-E4-Karikav\u00f5istlus-SEIKO-CUP-2018_LYS-Folkboot_Overall_Day2.htm\">ESTLYS 1 &#038; 2 and FOLKBOOT<\/a>\u00a0&#8211; P\u00e4rast 6 s\u00f5itu<\/strong><\/p>\n<p><a href=\"https:\/\/www.facebook.com\/media\/set\/?set=a.2166192713397425.1073742014.113543688662348&#038;type=1&#038;l=a825aa961c\">PHOTOS<\/a> &#8211; Aleksandr Abrosimov<br \/>\n<a href=\"http:\/\/www.kjk.ee\/seiko-cup-karikasari-jatkus-korgetasemelise-e4-karikavoistlusega\/\">KOKKUV\u00d5TE<\/a> &#8211;\u00a0SEIKO CUP karikasari j\u00e4tkus k\u00f5rgetasemelise E4 Karikav\u00f5istlusega &#8211;\u00a0<em>Piret Salmistu<br \/>\n<\/em><a href=\"https:\/\/purjetamine.postimees.ee\/4488459\/seiko-cup-karikasari-jatkus-korgetasemelise-e4-karikavoistlusega\">Artikkel ja galerii Postimehes<\/a><\/p>\n<p><a href=\"http:\/\/www.kjk.ee\/finest-offshore-series-2018\/\"><img loading=\"lazy\" class=\"wp-image-8678\" src=\"http:\/\/www.kjk.ee\/wp-content\/uploads\/2018\/04\/FINEST-Offshore-Series-2018-logo-300x289.jpg\" alt=\"FINEST-Offshore-Series-2018-logo\" width=\"191\" height=\"184\" srcset=\"https:\/\/kjk.ee\/wp-content\/uploads\/2018\/04\/FINEST-Offshore-Series-2018-logo-300x289.jpg 300w, https:\/\/kjk.ee\/wp-content\/uploads\/2018\/04\/FINEST-Offshore-Series-2018-logo-57x55.jpg 57w, https:\/\/kjk.ee\/wp-content\/uploads\/2018\/04\/FINEST-Offshore-Series-2018-logo-50x48.jpg 50w, https:\/\/kjk.ee\/wp-content\/uploads\/2018\/04\/FINEST-Offshore-Series-2018-logo-102x98.jpg 102w, https:\/\/kjk.ee\/wp-content\/uploads\/2018\/04\/FINEST-Offshore-Series-2018-logo.jpg 732w\" sizes=\"(max-width: 191px) 100vw, 191px\" \/><\/a><\/p>\n<hr \/>\n<h3><strong>III \u2013 2.06 \u2013 Terra Feminarum<\/strong><\/h3>\n<p><a href=\"http:\/\/www.kjk.ee\/wp-content\/uploads\/2018\/04\/KJK_SEIKO_CUP_LYS-F-Terra-Feminarum_LYS-I-II-Folkboot.htm\">LYS; F tulemused<\/a><\/p>\n<p><a href=\"http:\/\/www.kjk.ee\/wp-content\/uploads\/2018\/01\/KJK_SEIKO_OFF-ORC-Terra-Feminarum_ORC-1.htm\">ORC tulemused<\/a><\/p>\n<p><a href=\"http:\/\/www.kjk.ee\/wp-content\/uploads\/2018\/05\/SEIKO-CUP-Terra-Feminarum-NOR-2018.pdf\">V\u00f5istlusteade<\/a><\/p>\n<p><a href=\"http:\/\/www.kjk.ee\/wp-content\/uploads\/2018\/04\/Terra-Feminarum-2018-SI.pdf\">Purjetamisjuhised<\/a><\/p>\n<hr \/>\n<h3><strong>IV \u2013 1.-2.09. \u2013 Tallinna Meistriv\u00f5istlused l\u00fchirajal<\/strong><\/h3>\n<p><a href=\"http:\/\/www.kjk.ee\/wp-content\/uploads\/2018\/04\/KJK_SEIKO_CUP_LOW-ORC-TLN-MV_ORC-5.htm\">ORC tulemused<\/a><\/p>\n<p><a href=\"http:\/\/www.kjk.ee\/wp-content\/uploads\/2018\/04\/KJK_SEIKO_CUP_LYS-F-TLN-MV_LYS-I-II-Folkboot-5.htm\">LYS; F tulemused<\/a><\/p>\n<p><a href=\"http:\/\/www.kjk.ee\/wp-content\/uploads\/2018\/04\/Tallinna-MV-2018-SI.docx\">Purjetamisjuhised<\/a><\/p>\n<p><a href=\"http:\/\/www.kjk.ee\/wp-content\/uploads\/2018\/04\/Tallinna-MV-2018-rada.docx\">Lisa 1 &#8211; rada<\/a><br \/>\n<a href=\"http:\/\/www.kjk.ee\/wp-content\/uploads\/2018\/08\/SEIKO-CUP_Tallinna-MV-2018-NOR.pdf\">V\u00f5istlusteade \/ Notice of Race<\/a><br \/>\n<a href=\"http:\/\/www.kjk.ee\/wp-content\/uploads\/2018\/04\/PAkkumus-ESS-Kalev-Jahtklubi-MT\u00dc-Regattid-2018.pdf\">Kindlustuspakkumine \/ Insurance Offer<\/a><\/p>\n<p><a href=\"https:\/\/purjetamine.postimees.ee\/6242794\/kaks-paeva-pinevaid-luhirajasoite-pakkunud-luhirajasoiduvoistlus-selgitas-tallinna-meistrid-avamerepurjetamises\">Kokkuv\u00f5te Postimehes<\/a> &#8211; Elle Bubert<\/p>\n<p>FOTOD &#8211; Gerli Tooming:\u00a0 <a href=\"https:\/\/www.facebook.com\/media\/set\/?set=a.2339804222702939&#038;type=1&#038;l=89aa5fc3ac\">1. p\u00e4ev<\/a>\u00a0 |\u00a0 <a href=\"https:\/\/www.facebook.com\/media\/set\/?set=a.2340040799345948&#038;type=1&#038;l=8e848c5564\">2. p\u00e4ev<\/a>\u00a0 |\u00a0 <a href=\"https:\/\/www.facebook.com\/media\/set\/?set=a.2340654809284547&#038;type=1&#038;l=84a97cf50c\">Autasustamine<\/a><\/p>\n<p><a href=\"https:\/\/www.facebook.com\/Kalevi.Jahtklubi\/videos\/1900132823433591\/\">Videod<\/a><\/p>\n<hr \/>\n<h3><strong>V \u2013 13.10. \u2013 L\u00f5puv\u00f5istlus<\/strong><\/h3>\n<p><a href=\"http:\/\/www.kjk.ee\/wp-content\/uploads\/2018\/04\/KJK_SEIKO_LYS-F-HOOAJA-L\u00d5PUV\u00d5ISTLUS_LYS-I-II-Folkboot-1.htm\">LYS; F tulemused<\/a><br \/>\n<a href=\"http:\/\/www.kjk.ee\/wp-content\/uploads\/2018\/04\/KJK_SEIKO_ORC-HOOAJA-L\u00d5PUV\u00d5ISTLUS-2018_ORC.htm\">ORC tulemused<\/a><\/p>\n<p><a href=\"http:\/\/www.kjk.ee\/lopuvoistluse-ja-lipulangetamisega-lopetati-voistluspurjetamise-hooaeg-kalevi-jahtklubis\/\">KOKKUV\u00d5TE &#8211; L\u00f5puv\u00f5istluse ja lipulangetamisega l\u00f5petati v\u00f5istluspurjetamise hooaeg Kalevi Jahtklubis<\/a><br \/>\n<a href=\"https:\/\/www.facebook.com\/media\/set\/?set=a.2398336393516388&#038;type=1&#038;l=78ce02691d\">FOTOD &#8211; Tiit Aunaste<\/a><\/p>\n<p><a href=\"http:\/\/www.kjk.ee\/wp-content\/uploads\/2018\/04\/SI.pdf\">Purjetamisjuhised<\/a><\/p>\n<p><a href=\"http:\/\/www.kjk.ee\/wp-content\/uploads\/2018\/04\/SEIKO-CUP_L\u00f5puv\u00f5istlus_2018_NOR.pdf\">V\u00f5istlusteade<\/a><\/p>\n<hr \/>\n<p><a href=\"http:\/\/www.kjk.ee\/seiko-cup-2017-2\/\">2017.a SEIKO CUP veebileht<\/a><br \/>\n<a href=\"http:\/\/www.kjk.ee\/wp-content\/uploads\/2017\/04\/SEIKO-CUP-2017_koondseis_15102017.pdf\">2017.a SEIKO CUP KOONDTLEMUSED<\/a><\/p>\n<p><a href=\"http:\/\/www.kjk.ee\/seiko-cup-2016\/\">2016.a SEIKO CUP veebileht<\/a><br \/>\n<a href=\"http:\/\/www.kjk.ee\/seiko-cup-2016\/seiko-cup-2016_koond_finaal-2\/\">2016.a SEIKO CUP KOONDTULEMUSED<\/a><\/p>\n<p><a href=\"http:\/\/www.kjk.ee\/seiko-cup-2015\/\">2015.a SEIKO CUP veebileht<\/a><br \/>\n<a href=\"http:\/\/www.kjk.ee\/wp-content\/uploads\/2015\/03\/SEIKO_CUP_KOOND_20151.pdf\">SEIKO CUP 2015 KOONDTULEMUSED<\/a><\/p>\n<p><a href=\"http:\/\/www.kjk.ee\/seiko-cup\/\" target=\"_blank\">2014.a SEIKO CUP veebileht<\/a><br \/>\n<a href=\"http:\/\/www.kjk.ee\/upload\/events\/doc14133602324.pdf\">SEIKO CUP 2014 KOONDTULEMUSED<\/a><\/p>\n","protected":false},"excerpt":{"rendered":"<p>KJK Avamerepurjetamise karikav\u00f5istluse SEIKO CUP 2018 etapid: I \u2013 1.05 \u2013 Avav\u00f5istlus II \u2013 12.-13.05 \u2013 E4 Karikav\u00f5istlus \/ E4 Championship &#8211; FINEST Offshore Series 2018, 1st event III \u2013 2.06 \u2013 Terra Feminarum IV \u2013 1.-2.09 \u2013 Tallinna Meistriv\u00f5istlused V \u2013 13.10 \u2013 Hooaja L\u00f5puv\u00f5istlus KJK Avamerepurjetamise karikav\u00f5istluse SEIKO CUP v\u00f5istlusklassid \/ The classes I grupp ORC GPH \u2264680<a class=\"more-link\" href=\"https:\/\/kjk.ee\/en\/seiko-cup-2018\/\">[Read More&#8230;]<\/a><\/p>\n","protected":false},"author":6,"featured_media":0,"parent":0,"menu_order":0,"comment_status":"closed","ping_status":"closed","template":"","meta":{"spay_email":""},"jetpack_sharing_enabled":true,"jetpack_shortlink":"https:\/\/wp.me\/PaW3M4-2dv","_links":{"self":[{"href":"https:\/\/kjk.ee\/en\/wp-json\/wp\/v2\/pages\/8525"}],"collection":[{"href":"https:\/\/kjk.ee\/en\/wp-json\/wp\/v2\/pages"}],"about":[{"href":"https:\/\/kjk.ee\/en\/wp-json\/wp\/v2\/types\/page"}],"author":[{"embeddable":true,"href":"https:\/\/kjk.ee\/en\/wp-json\/wp\/v2\/users\/6"}],"replies":[{"embeddable":true,"href":"https:\/\/kjk.ee\/en\/wp-json\/wp\/v2\/comments?post=8525"}],"version-history":[{"count":99,"href":"https:\/\/kjk.ee\/en\/wp-json\/wp\/v2\/pages\/8525\/revisions"}],"predecessor-version":[{"id":11025,"href":"https:\/\/kjk.ee\/en\/wp-json\/wp\/v2\/pages\/8525\/revisions\/11025"}],"wp:attachment":[{"href":"https:\/\/kjk.ee\/en\/wp-json\/wp\/v2\/media?parent=8525"}],"curies":[{"name":"wp","href":"https:\/\/api.w.org\/{rel}","templated":true}]}}