{"id":86,"date":"2014-04-20T11:19:38","date_gmt":"2014-04-20T11:19:38","guid":{"rendered":"http:\/\/www.kjk.ee\/?page_id=86"},"modified":"2024-04-16T12:01:15","modified_gmt":"2024-04-16T09:01:15","slug":"paadiklassid","status":"publish","type":"page","link":"https:\/\/kjk.ee\/en\/paadiklassid\/","title":{"rendered":"Paadiklassid"},"content":{"rendered":"<p><div class=\"responsive-tabs\">\n<h2 class=\"tabtitle\">Optimist<\/h2>\n<div class=\"tabcontent\">\n<br \/>\nOptimist on v\u00e4ga lihtne \u00fchepurjeline lameda p\u00f5hjaga \u00fchepaadiklass, millel \u00f5pivad purjetama lapsed. Paadi konstrueeris 1947. aastal ameeriklane Clark Mills, see on 2,36 m pikk ning purjepindala on 3,5 m2. Enam kui sajas erinevas riigis purjetab selles klassis \u00fcle 200 000 lapse. Tegemist on maailma \u00fche arvukama ning k\u00f5ige kiiremini kasvava paadiklassiga. \u00dcle 50% viimastel Ol\u00fcmpiam\u00e4ngudel osalenud purjetajatest on oma purjetamiskarj\u00e4\u00e4ri alguses seilanud Optimist klassis. Eestis purjetati Optimistil esimest korda 1964. aastal.<br \/>\n<a href=\"http:\/\/optiworld.org\/\" target=\"_blank\" rel=\"noopener noreferrer\">Rahvusvahelise Optimist Klassi Liidu kodulehek\u00fclg<\/a><\/p>\n<p><img loading=\"lazy\" class=\"aligncenter wp-image-541 size-full\" src=\"http:\/\/www.kjk.ee\/wp-content\/uploads\/2014\/08\/optimist.jpg\" alt=\"optimist\" width=\"1024\" height=\"682\" srcset=\"https:\/\/kjk.ee\/wp-content\/uploads\/2014\/08\/optimist.jpg 1024w, https:\/\/kjk.ee\/wp-content\/uploads\/2014\/08\/optimist-300x200.jpg 300w, https:\/\/kjk.ee\/wp-content\/uploads\/2014\/08\/optimist-82x55.jpg 82w\" sizes=\"(max-width: 1024px) 100vw, 1024px\" \/><\/p>\n<p>\n<\/div><h2 class=\"tabtitle\">Zoom8<\/h2>\n<div class=\"tabcontent\">\n<br \/>\nZoom8 on \u00fchepurjeline noorte \u00fchepaadiklass. Paadi disainis 1992. aastal soomlane Henrik Segercrantz noorte purjetajate ideede p\u00f5hjal, see on 2,65 m pikk ning purjepindala on 4,8 m\u00b2. Zoom8 on kiire, ohutu ja kergesti k\u00e4sitsetav paat, mis on hea \u00fcleminekuks lastepurjekalt Optimistilt juunioride klassidesse.<br \/>\n<a href=\"http:\/\/fs-buch.de\/zoom\/zoom8.org\/\" target=\"_blank\" rel=\"noopener noreferrer\">Rahvusvahelise Zoom8 Klassi Liidu kodulehek\u00fclg<\/a><\/p>\n<p><img loading=\"lazy\" class=\"aligncenter wp-image-542 size-full\" src=\"http:\/\/www.kjk.ee\/wp-content\/uploads\/2014\/08\/zoom8.jpg\" alt=\"zoom8\" width=\"1024\" height=\"682\" srcset=\"https:\/\/kjk.ee\/wp-content\/uploads\/2014\/08\/zoom8.jpg 1024w, https:\/\/kjk.ee\/wp-content\/uploads\/2014\/08\/zoom8-300x200.jpg 300w, https:\/\/kjk.ee\/wp-content\/uploads\/2014\/08\/zoom8-82x55.jpg 82w\" sizes=\"(max-width: 1024px) 100vw, 1024px\" \/><\/p>\n<p>\n<\/div><h2 class=\"tabtitle\">RS Feva<\/h2>\n<div class=\"tabcontent\">\n<br \/>\nRS Feva on noorte kahepaadiklass. Paadi disainis 2002. aastal britt Paul Handley ning seda toodab Suurbritannia ettev\u00f5te RS Sailing. Paat on 3,64 m pikk. S purjestus 5.5m\u00b2 suuruse pindalaga grootpurje ning 2.1m\u00b2-se eespurjega sobib h\u00e4sti noorte treeninguteks ja klubipurjetamiseks. XL purjestust 6.5m\u00b2 suuruse pindalaga grootpurje, 2.1 m\u00b2-se eespurje ning 7m\u00b2-se gennakeriga kasutatakse v\u00f5istluspurjetamiseks. RS Feva laevastik on maailmas kiiresti kasvamas, selle paadiga on lihtne ja mugav purjetada nii noortetiimil kui vanemal koos lapsega. Samas on tegemist kiire, modernse ja atraktiivse paadiga, mis aitab v\u00e4ga h\u00e4sti arendada meeskonnapurjetamise oskusi.<br \/>\n<a href=\"http:\/\/rsfeva.org\/\" target=\"_blank\" rel=\"noopener noreferrer\">Rahvusvahelise RS Feva Klassi Liidu kodulehek\u00fclg<\/a><\/p>\n<p><img loading=\"lazy\" class=\"aligncenter wp-image-536 size-full\" src=\"http:\/\/www.kjk.ee\/wp-content\/uploads\/2014\/08\/feva.jpg\" alt=\"feva\" width=\"1024\" height=\"682\" srcset=\"https:\/\/kjk.ee\/wp-content\/uploads\/2014\/08\/feva.jpg 1024w, https:\/\/kjk.ee\/wp-content\/uploads\/2014\/08\/feva-300x200.jpg 300w, https:\/\/kjk.ee\/wp-content\/uploads\/2014\/08\/feva-82x55.jpg 82w\" sizes=\"(max-width: 1024px) 100vw, 1024px\" \/><\/p>\n<p>\n<\/div><h2 class=\"tabtitle\">Aero<\/h2>\n<div class=\"tabcontent\">\n<br \/>\n<a href=\"https:\/\/rsaero.ee\/\">RS Aero<\/a> on elukestev paat, kehakaalu ja vilumuse kasvades saad v\u00f5tta kasutusele suurema taglase. RS Aero populaarsus on maailmas kiiresti kasvamas, selle paadiga on lihtne ja mugav purjetada nii noorel purjetajal kui ka kogenud s\u00f5itjal. Samas on tegemist kiire, modernse ja atraktiivse paadiga, mille purjeid ning varustust vahetad kogemuse ja kaalu muutustega.<br \/>\n<a href=\"https:\/\/www.rssailing.com\/project\/rs-aero\/\" target=\"_blank\" rel=\"noopener noreferrer\">Rahvusvahelise RS Aero Klassi Liidu kodulehek\u00fclg<\/a><\/p>\n<p><a href=\"https:\/\/kjk.ee\/wp-content\/uploads\/2024\/04\/RS-aero.jpg\"><img loading=\"lazy\" class=\"alignnone size-medium wp-image-26640\" src=\"https:\/\/kjk.ee\/wp-content\/uploads\/2024\/04\/RS-aero-300x200.jpg\" alt=\"\" width=\"300\" height=\"200\" srcset=\"https:\/\/kjk.ee\/wp-content\/uploads\/2024\/04\/RS-aero-300x200.jpg 300w, https:\/\/kjk.ee\/wp-content\/uploads\/2024\/04\/RS-aero-1024x682.jpg 1024w, https:\/\/kjk.ee\/wp-content\/uploads\/2024\/04\/RS-aero-768x512.jpg 768w, https:\/\/kjk.ee\/wp-content\/uploads\/2024\/04\/RS-aero-1536x1024.jpg 1536w, https:\/\/kjk.ee\/wp-content\/uploads\/2024\/04\/RS-aero-83x55.jpg 83w, https:\/\/kjk.ee\/wp-content\/uploads\/2024\/04\/RS-aero-72x48.jpg 72w, https:\/\/kjk.ee\/wp-content\/uploads\/2024\/04\/RS-aero-147x98.jpg 147w, https:\/\/kjk.ee\/wp-content\/uploads\/2024\/04\/RS-aero.jpg 1604w\" sizes=\"(max-width: 300px) 100vw, 300px\" \/><\/a><\/p>\n<p>&nbsp;<\/p>\n<p>\n<\/div><h2 class=\"tabtitle\">ILCA 4<\/h2>\n<div class=\"tabcontent\">\n<br \/>\nILCA 4 (end. Laser 4.7) on \u00fchepurjeline noorte \u00fchepaadiklass. Laser paadi disainis 1969. aastal kanadalane Bruce Kirby ning see on 4,23 m pikk. Meeste ol\u00fcmpiaklassist ILCA 7 erineb ILCA 4 oma purjepindalalt, mis on 35% v\u00e4iksem \u2013 4,7 m\u00b2, ning sobib seega h\u00e4sti kergema kaaluga noortele purjetajatele.<br \/>\n<a href=\"http:\/\/laserinternational.org\/\" target=\"_blank\" rel=\"noopener noreferrer\">Rahvusvahelise Laser Klassi Liidu kodulehek\u00fclg<\/a><\/p>\n<p><img loading=\"lazy\" class=\"aligncenter wp-image-540 size-full\" src=\"http:\/\/www.kjk.ee\/wp-content\/uploads\/2014\/08\/laser4.7.jpg\" alt=\"laser4.7\" width=\"1024\" height=\"682\" srcset=\"https:\/\/kjk.ee\/wp-content\/uploads\/2014\/08\/laser4.7.jpg 1024w, https:\/\/kjk.ee\/wp-content\/uploads\/2014\/08\/laser4.7-300x200.jpg 300w, https:\/\/kjk.ee\/wp-content\/uploads\/2014\/08\/laser4.7-82x55.jpg 82w\" sizes=\"(max-width: 1024px) 100vw, 1024px\" \/><br \/>\n\n<\/div><h2 class=\"tabtitle\">ILCA 6<\/h2>\n<div class=\"tabcontent\">\n<br \/>\nILCA 6 (end. Laser Radial) on \u00fchepurjeline \u00fchepaadiklass, mis on alates 2004. aastast naiste ol\u00fcmpiaklass. Paadi disainis 1969. aastal kanadalane Bruce Kirby ning see on 4,23 m pikk. Meeste ol\u00fcmpiaklassist ILCA 7 erineb ILCA 6 oma purjepindalalt, mis on 18% v\u00e4iksem \u2013 5,76 m\u00b2. Selles klassis v\u00f5istlevad enamasti naised, noorpurjetajad ja veteranid.<br \/>\n<a href=\"http:\/\/laserinternational.org\/\" target=\"_blank\" rel=\"noopener noreferrer\">Rahvusvahelise Laser Klassi Liidu kodulehek\u00fclg<\/a><\/p>\n<p><img loading=\"lazy\" class=\"aligncenter wp-image-538 size-full\" src=\"http:\/\/www.kjk.ee\/wp-content\/uploads\/2014\/08\/laser_radial.jpg\" alt=\"laser_radial\" width=\"1024\" height=\"682\" srcset=\"https:\/\/kjk.ee\/wp-content\/uploads\/2014\/08\/laser_radial.jpg 1024w, https:\/\/kjk.ee\/wp-content\/uploads\/2014\/08\/laser_radial-300x200.jpg 300w, https:\/\/kjk.ee\/wp-content\/uploads\/2014\/08\/laser_radial-82x55.jpg 82w\" sizes=\"(max-width: 1024px) 100vw, 1024px\" \/><br \/>\n\n<\/div><h2 class=\"tabtitle\">ILCA 7<\/h2>\n<div class=\"tabcontent\">\n<br \/>\nILCA 7 (end. Laser Standard) on \u00fchepurjeline \u00fchemehe paadiklass, mis on alates 1996. aastast meeste ol\u00fcmpiaklass. ILCA on 1969. aastal ameeriklase Bruce Kirby poolt disainitud \u00fcks lihtsamaid ol\u00fcmpiaklassi paate \u2013 lihtsa taglastuse, lameda p\u00f5hja ja \u00fche purjega paat, mis monot\u00fc\u00fcpklassina seab varustuse osas k\u00f5rgeid tehnilisi n\u00f5udeid. ILCA 7 on 4,23 m pikk ning purjepindala on 7,06 m\u00b2. Laser on 170 000 aktiivse entusiastiga \u00fclemaailmselt populaarseim \u00fchemehepaat.<br \/>\n<a href=\"http:\/\/laserinternational.org\/\" target=\"_blank\" rel=\"noopener noreferrer\">Rahvusvahelise Laser Klassi Liidu kodulehek\u00fclg<\/a><\/p>\n<p><img loading=\"lazy\" class=\"aligncenter wp-image-539 size-full\" src=\"http:\/\/www.kjk.ee\/wp-content\/uploads\/2014\/08\/laser_standart.jpg\" alt=\"laser_standart\" width=\"1024\" height=\"682\" srcset=\"https:\/\/kjk.ee\/wp-content\/uploads\/2014\/08\/laser_standart.jpg 1024w, https:\/\/kjk.ee\/wp-content\/uploads\/2014\/08\/laser_standart-300x200.jpg 300w, https:\/\/kjk.ee\/wp-content\/uploads\/2014\/08\/laser_standart-82x55.jpg 82w\" sizes=\"(max-width: 1024px) 100vw, 1024px\" \/><br \/>\n\n<\/div><h2 class=\"tabtitle\">29er<\/h2>\n<div class=\"tabcontent\">\n<br \/>\n29er on noorte skiff-t\u00fc\u00fcpi kahepaadiklass. Paadi disainis 1997. aastal austraallane Julian Bethwaite ning seda toodab Suurbritannia ettev\u00f5te Ovington Boats. Paat on 4,45 m pikk ning purjesid on kolm \u2013 eespuri ja grootpuri on pindalalalt kokku 12,5m\u00b2 ning as\u00fcmmeetrilise spinnakeri suurus on 15m\u00b2. Tegemist on kogu maailmas populaarse klassiga, mis on sportlik ja v\u00e4ga kiire, pakkudes p\u00f5nevaid ja adrenaliinirikkaid purjetamiselamusi. Klass sobib noortele alates 12 eluaastast ning on heaks h\u00fcppelauaks neile, kes lisaks purjetamisr\u00f5\u00f5mule plaanivad kasvada t\u00e4iskasvanute ol\u00fcmpiapaadiklassi 49er.<br \/>\n<a href=\"http:\/\/29er.org\/\" target=\"_blank\" rel=\"noopener noreferrer\">Rahvusvahelise 29er Klassi Liidu kodulehek\u00fclg <\/a><\/p>\n<p><img loading=\"lazy\" class=\"aligncenter wp-image-535 size-full\" src=\"http:\/\/www.kjk.ee\/wp-content\/uploads\/2014\/08\/29er.jpg\" alt=\"29er\" width=\"1024\" height=\"682\" srcset=\"https:\/\/kjk.ee\/wp-content\/uploads\/2014\/08\/29er.jpg 1024w, https:\/\/kjk.ee\/wp-content\/uploads\/2014\/08\/29er-300x200.jpg 300w, https:\/\/kjk.ee\/wp-content\/uploads\/2014\/08\/29er-82x55.jpg 82w\" sizes=\"(max-width: 1024px) 100vw, 1024px\" \/><br \/>\n<\/div><\/div><\/p>\n<p><em>Tekst ja fotod: puri.ee<\/em><\/p>\n","protected":false},"excerpt":{"rendered":"<p>Optimist on v\u00e4ga lihtne \u00fchepurjeline lameda p\u00f5hjaga \u00fchepaadiklass, millel \u00f5pivad purjetama lapsed. Paadi konstrueeris 1947. aastal ameeriklane Clark Mills, see on 2,36 m pikk ning purjepindala on 3,5 m2. Enam kui sajas erinevas riigis purjetab selles klassis \u00fcle 200 000 lapse. Tegemist on maailma \u00fche arvukama ning k\u00f5ige kiiremini kasvava paadiklassiga. \u00dcle 50% viimastel Ol\u00fcmpiam\u00e4ngudel osalenud purjetajatest on oma purjetamiskarj\u00e4\u00e4ri<a class=\"more-link\" href=\"https:\/\/kjk.ee\/en\/paadiklassid\/\">[Read More&#8230;]<\/a><\/p>\n","protected":false},"author":24,"featured_media":0,"parent":0,"menu_order":0,"comment_status":"open","ping_status":"open","template":"","meta":{"spay_email":""},"jetpack_sharing_enabled":true,"jetpack_shortlink":"https:\/\/wp.me\/PaW3M4-1o","_links":{"self":[{"href":"https:\/\/kjk.ee\/en\/wp-json\/wp\/v2\/pages\/86"}],"collection":[{"href":"https:\/\/kjk.ee\/en\/wp-json\/wp\/v2\/pages"}],"about":[{"href":"https:\/\/kjk.ee\/en\/wp-json\/wp\/v2\/types\/page"}],"author":[{"embeddable":true,"href":"https:\/\/kjk.ee\/en\/wp-json\/wp\/v2\/users\/24"}],"replies":[{"embeddable":true,"href":"https:\/\/kjk.ee\/en\/wp-json\/wp\/v2\/comments?post=86"}],"version-history":[{"count":17,"href":"https:\/\/kjk.ee\/en\/wp-json\/wp\/v2\/pages\/86\/revisions"}],"predecessor-version":[{"id":533,"href":"https:\/\/kjk.ee\/en\/wp-json\/wp\/v2\/pages\/86\/revisions\/533"}],"wp:attachment":[{"href":"https:\/\/kjk.ee\/en\/wp-json\/wp\/v2\/media?parent=86"}],"curies":[{"name":"wp","href":"https:\/\/api.w.org\/{rel}","templated":true}]}}