{"id":951,"date":"2014-11-26T11:08:20","date_gmt":"2014-11-26T11:08:20","guid":{"rendered":"http:\/\/www.kjk.ee\/?page_id=951"},"modified":"2017-03-10T09:46:57","modified_gmt":"2017-03-10T09:46:57","slug":"fannikaubad","status":"publish","type":"page","link":"https:\/\/kjk.ee\/en\/purjespordikool\/fannikaubad\/","title":{"rendered":"F\u00e4nnikaubad"},"content":{"rendered":"<p>Toetaja k\u00e4epael<\/p>\n<table style=\"height: 238px;\" width=\"715\">\n<tbody>\n<tr>\n<td>Toetaja k\u00e4epael viitab\u00a0selle kandja hoolimisele meie<br \/>\nnoorte k\u00e4ek\u00e4igust, ning annab hea enesetunde pealegi.<br \/>\nK\u00e4epael on silikonist 25mm laiune, meresinise ja halliv\u00e4rvikombinatsiooniga, v\u00e4ga mugav kanda. Tekst k\u00e4e-<br \/>\npaelal \u00fctleb &#8216;ESS Kalev Jahtklubi \u00a0Toetan Purjespordikooli&#8217;.<\/td>\n<td><a href=\"http:\/\/www.kjk.ee\/wp-content\/uploads\/2014\/11\/K\u00e4epael-1.jpg\"><img loading=\"lazy\" class=\"alignnone size-medium wp-image-1018\" src=\"http:\/\/www.kjk.ee\/wp-content\/uploads\/2014\/11\/K\u00e4epael-1-300x225.jpg\" alt=\"K\u00e4epael 1\" width=\"300\" height=\"225\" srcset=\"https:\/\/kjk.ee\/wp-content\/uploads\/2014\/11\/K\u00e4epael-1-300x225.jpg 300w, https:\/\/kjk.ee\/wp-content\/uploads\/2014\/11\/K\u00e4epael-1-1024x768.jpg 1024w, https:\/\/kjk.ee\/wp-content\/uploads\/2014\/11\/K\u00e4epael-1-73x55.jpg 73w, https:\/\/kjk.ee\/wp-content\/uploads\/2014\/11\/K\u00e4epael-1-100x75.jpg 100w, https:\/\/kjk.ee\/wp-content\/uploads\/2014\/11\/K\u00e4epael-1-200x150.jpg 200w, https:\/\/kjk.ee\/wp-content\/uploads\/2014\/11\/K\u00e4epael-1-64x48.jpg 64w, https:\/\/kjk.ee\/wp-content\/uploads\/2014\/11\/K\u00e4epael-1.jpg 1632w\" sizes=\"(max-width: 300px) 100vw, 300px\" \/><\/a><\/td>\n<\/tr>\n<\/tbody>\n<\/table>\n<table style=\"height: 27px;\" width=\"750\">\n<tbody>\n<tr>\n<td><a href=\"http:\/\/www.kjk.ee\/wp-content\/uploads\/2014\/11\/K\u00e4epael-2.jpg\"><img loading=\"lazy\" class=\"alignnone size-medium wp-image-1019\" src=\"http:\/\/www.kjk.ee\/wp-content\/uploads\/2014\/11\/K\u00e4epael-2-300x225.jpg\" alt=\"K\u00e4epael 2\" width=\"300\" height=\"225\" srcset=\"https:\/\/kjk.ee\/wp-content\/uploads\/2014\/11\/K\u00e4epael-2-300x225.jpg 300w, https:\/\/kjk.ee\/wp-content\/uploads\/2014\/11\/K\u00e4epael-2-1024x768.jpg 1024w, https:\/\/kjk.ee\/wp-content\/uploads\/2014\/11\/K\u00e4epael-2-73x55.jpg 73w, https:\/\/kjk.ee\/wp-content\/uploads\/2014\/11\/K\u00e4epael-2-100x75.jpg 100w, https:\/\/kjk.ee\/wp-content\/uploads\/2014\/11\/K\u00e4epael-2-200x150.jpg 200w, https:\/\/kjk.ee\/wp-content\/uploads\/2014\/11\/K\u00e4epael-2-64x48.jpg 64w, https:\/\/kjk.ee\/wp-content\/uploads\/2014\/11\/K\u00e4epael-2.jpg 1632w\" sizes=\"(max-width: 300px) 100vw, 300px\" \/><\/a><\/td>\n<td>Saadaval on laste- ja t\u00e4iskasvanute suurused. Toetaja k\u00e4epaela hind on 5\u20ac.\u00a0Soovitame k\u00e4epaelu osta 10 v\u00f5i 30 paketis.<br \/>\n10 k\u00e4epaela ostmisel on hinnaks kokku 50\u20ac<br \/>\n30 k\u00e4epaela ostmisel on hinnaks kokku 100\u20ac<\/td>\n<\/tr>\n<\/tbody>\n<\/table>\n<p>Kui soovite osta ettev\u00f5ttele, palume teatada arve rekvisiidid.<\/p>\n<p>Saada oma soov info(\u00e4t)kjk.ee<\/p>\n","protected":false},"excerpt":{"rendered":"<p>Toetaja k\u00e4epael Toetaja k\u00e4epael viitab\u00a0selle kandja hoolimisele meie noorte k\u00e4ek\u00e4igust, ning annab hea enesetunde pealegi. K\u00e4epael on silikonist 25mm laiune, meresinise ja halliv\u00e4rvikombinatsiooniga, v\u00e4ga mugav kanda. Tekst k\u00e4e- paelal \u00fctleb &#8216;ESS Kalev Jahtklubi \u00a0Toetan Purjespordikooli&#8217;. Saadaval on laste- ja t\u00e4iskasvanute suurused. Toetaja k\u00e4epaela hind on 5\u20ac.\u00a0Soovitame k\u00e4epaelu osta 10 v\u00f5i 30 paketis. 10 k\u00e4epaela ostmisel on hinnaks kokku 50\u20ac 30<a class=\"more-link\" href=\"https:\/\/kjk.ee\/en\/purjespordikool\/fannikaubad\/\">[Read More&#8230;]<\/a><\/p>\n","protected":false},"author":24,"featured_media":0,"parent":413,"menu_order":0,"comment_status":"open","ping_status":"open","template":"","meta":{"spay_email":""},"jetpack_sharing_enabled":true,"jetpack_shortlink":"https:\/\/wp.me\/PaW3M4-fl","_links":{"self":[{"href":"https:\/\/kjk.ee\/en\/wp-json\/wp\/v2\/pages\/951"}],"collection":[{"href":"https:\/\/kjk.ee\/en\/wp-json\/wp\/v2\/pages"}],"about":[{"href":"https:\/\/kjk.ee\/en\/wp-json\/wp\/v2\/types\/page"}],"author":[{"embeddable":true,"href":"https:\/\/kjk.ee\/en\/wp-json\/wp\/v2\/users\/24"}],"replies":[{"embeddable":true,"href":"https:\/\/kjk.ee\/en\/wp-json\/wp\/v2\/comments?post=951"}],"version-history":[{"count":7,"href":"https:\/\/kjk.ee\/en\/wp-json\/wp\/v2\/pages\/951\/revisions"}],"predecessor-version":[{"id":19293,"href":"https:\/\/kjk.ee\/en\/wp-json\/wp\/v2\/pages\/951\/revisions\/19293"}],"up":[{"embeddable":true,"href":"https:\/\/kjk.ee\/en\/wp-json\/wp\/v2\/pages\/413"}],"wp:attachment":[{"href":"https:\/\/kjk.ee\/en\/wp-json\/wp\/v2\/media?parent=951"}],"curies":[{"name":"wp","href":"https:\/\/api.w.org\/{rel}","templated":true}]}}