{"id":98,"date":"2014-04-20T11:21:31","date_gmt":"2014-04-20T11:21:31","guid":{"rendered":"http:\/\/www.kjk.ee\/?page_id=98"},"modified":"2014-08-22T10:04:34","modified_gmt":"2014-08-22T10:04:34","slug":"regattide-partnerlus","status":"publish","type":"page","link":"https:\/\/kjk.ee\/en\/regattide-partnerlus\/","title":{"rendered":"Regattide partnerlus"},"content":{"rendered":"<p><div class=\"responsive-tabs\">\n<h2 class=\"tabtitle\">KJK Kolmap\u00e4evaregatt<\/h2>\n<div class=\"tabcontent\">\n<br \/>\n<strong>Nimisponsor: 6500\u20ac hooaeg<\/strong><\/p>\n<ul>\n<li>Sarja nimi kujul &#8220;sponsori nimi KJK Kolmap\u00e4evaregatt 2015&#8221;<\/li>\n<li>Ahtrilipp jahtidel<\/li>\n<li>KJK infotahvlid, lipud, koduleht<\/li>\n<li>Kommunikatsioon igal kolmap\u00e4eval Delfi Sport erirubriigis<\/li>\n<\/ul>\n<p><strong>Sponsor: 3500\u20ac hooaeg \/ 1 sponsor<\/strong><\/p>\n<ul>\n<li>KJK infotahvlid, lipud, koduleht<\/li>\n<li>Kommunikatsioon igal kolmap\u00e4eval Delfi Sport erirubriigis<\/li>\n<\/ul>\n<p><strong>Etapisponsor: 1500\u20ac kuu \/ 1 kuu lisasponsor<\/strong><\/p>\n<ul>\n<li>KJK infotahvlid, lipud, koduleht<\/li>\n<li>Kommunikatsioon igal kolmap\u00e4eval Delfi Sport erirubriigis<\/li>\n<\/ul>\n<p><strong>Eriv\u00f5imalus:<\/strong><\/p>\n<ul>\n<li>V\u00f5imalus KJK Kolmap\u00e4evaregatil lisada v\u00f5istlusjahtide meeskondadesse oma t\u00f6\u00f6tajaid.<\/li>\n<li>Kokku 4-5 t\u00f6\u00f6tajat kolmap\u00e4evaku kohta<\/li>\n<li>Hind 500\u20ac kolmap\u00e4evaku kohta<\/li>\n<\/ul>\n<p>\n<\/div><h2 class=\"tabtitle\">KJK Karikasari<\/h2>\n<div class=\"tabcontent\">\n<br \/>\n<strong>Sponsor: 2500\u20ac hooaeg<\/strong><\/p>\n<ul>\n<li>5 osav\u00f5istlust hooajal<\/li>\n<li>Auhinnad parimatele hooaja l\u00f5pus sponsori poolt<\/li>\n<li>Sarja nimi kujul &#8220;sponsori nimi KJK Karikasari 2015&#8221;<\/li>\n<li>KJK infotahvlid, lipud, koduleht<\/li>\n<li>Kommunikatsioon Delfi Sport erirubriigis<\/li>\n<\/ul>\n<\/div><\/div>\n","protected":false},"excerpt":{"rendered":"<p>Nimisponsor: 6500\u20ac hooaeg Sarja nimi kujul &#8220;sponsori nimi KJK Kolmap\u00e4evaregatt 2015&#8221; Ahtrilipp jahtidel KJK infotahvlid, lipud, koduleht Kommunikatsioon igal kolmap\u00e4eval Delfi Sport erirubriigis Sponsor: 3500\u20ac hooaeg \/ 1 sponsor KJK infotahvlid, lipud, koduleht Kommunikatsioon igal kolmap\u00e4eval Delfi Sport erirubriigis Etapisponsor: 1500\u20ac kuu \/ 1 kuu lisasponsor KJK infotahvlid, lipud, koduleht Kommunikatsioon igal kolmap\u00e4eval Delfi Sport erirubriigis Eriv\u00f5imalus: V\u00f5imalus KJK Kolmap\u00e4evaregatil<a class=\"more-link\" href=\"https:\/\/kjk.ee\/en\/regattide-partnerlus\/\">[Read More&#8230;]<\/a><\/p>\n","protected":false},"author":24,"featured_media":0,"parent":0,"menu_order":0,"comment_status":"open","ping_status":"open","template":"","meta":{"spay_email":""},"jetpack_sharing_enabled":true,"jetpack_shortlink":"https:\/\/wp.me\/PaW3M4-1A","_links":{"self":[{"href":"https:\/\/kjk.ee\/en\/wp-json\/wp\/v2\/pages\/98"}],"collection":[{"href":"https:\/\/kjk.ee\/en\/wp-json\/wp\/v2\/pages"}],"about":[{"href":"https:\/\/kjk.ee\/en\/wp-json\/wp\/v2\/types\/page"}],"author":[{"embeddable":true,"href":"https:\/\/kjk.ee\/en\/wp-json\/wp\/v2\/users\/24"}],"replies":[{"embeddable":true,"href":"https:\/\/kjk.ee\/en\/wp-json\/wp\/v2\/comments?post=98"}],"version-history":[{"count":7,"href":"https:\/\/kjk.ee\/en\/wp-json\/wp\/v2\/pages\/98\/revisions"}],"predecessor-version":[{"id":577,"href":"https:\/\/kjk.ee\/en\/wp-json\/wp\/v2\/pages\/98\/revisions\/577"}],"wp:attachment":[{"href":"https:\/\/kjk.ee\/en\/wp-json\/wp\/v2\/media?parent=98"}],"curies":[{"name":"wp","href":"https:\/\/api.w.org\/{rel}","templated":true}]}}